{"id":28,"date":"2024-08-16T18:32:50","date_gmt":"2024-08-16T16:32:50","guid":{"rendered":"http:\/\/test.braniewo.waw.pl\/?page_id=28"},"modified":"2026-01-02T13:47:54","modified_gmt":"2026-01-02T12:47:54","slug":"start","status":"publish","type":"page","link":"https:\/\/dal-frombork.pl\/","title":{"rendered":"Start"},"content":{"rendered":"\t\t<div data-elementor-type=\"wp-page\" data-elementor-id=\"28\" class=\"elementor elementor-28\">\n\t\t\t\t<div class=\"elementor-element elementor-element-27d1a4a e-flex e-con-boxed e-con e-parent\" data-id=\"27d1a4a\" data-element_type=\"container\" data-e-type=\"container\">\n\t\t\t\t\t<div class=\"e-con-inner\">\n\t\t\t\t<div class=\"elementor-element elementor-element-aef087b elementor-invisible elementor-widget elementor-widget-image\" data-id=\"aef087b\" data-element_type=\"widget\" data-e-type=\"widget\" data-settings=\"{&quot;_animation&quot;:&quot;rollIn&quot;}\" data-widget_type=\"image.default\">\n\t\t\t\t<div class=\"elementor-widget-container\">\n\t\t\t\t\t\t\t\t\t\t\t\t\t\t\t<img fetchpriority=\"high\" decoding=\"async\" width=\"300\" height=\"300\" src=\"https:\/\/dal-frombork.pl\/wp-content\/uploads\/2024\/08\/logo-300x300.png\" class=\"attachment-medium size-medium wp-image-46\" alt=\"\" srcset=\"https:\/\/dal-frombork.pl\/wp-content\/uploads\/2024\/08\/logo-300x300.png 300w, https:\/\/dal-frombork.pl\/wp-content\/uploads\/2024\/08\/logo-150x150.png 150w, https:\/\/dal-frombork.pl\/wp-content\/uploads\/2024\/08\/logo-768x770.png 768w, https:\/\/dal-frombork.pl\/wp-content\/uploads\/2024\/08\/logo.png 950w\" sizes=\"(max-width: 300px) 100vw, 300px\" \/>\t\t\t\t\t\t\t\t\t\t\t\t\t\t\t<\/div>\n\t\t\t\t<\/div>\n\t\t\t\t\t<\/div>\n\t\t\t\t<\/div>\n\t\t<div class=\"elementor-element elementor-element-0382d14 e-flex e-con-boxed e-con e-parent\" data-id=\"0382d14\" data-element_type=\"container\" data-e-type=\"container\">\n\t\t\t\t\t<div class=\"e-con-inner\">\n\t\t\t\t<div class=\"elementor-element elementor-element-645a916 elementor-grid-eael-col-3 elementor-grid-tablet-eael-col-2 elementor-grid-mobile-eael-col-1 elementor-widget elementor-widget-eael-post-grid\" data-id=\"645a916\" data-element_type=\"widget\" data-e-type=\"widget\" data-settings=\"{&quot;eael_post_grid_columns&quot;:&quot;eael-col-3&quot;,&quot;eael_post_grid_columns_tablet&quot;:&quot;eael-col-2&quot;,&quot;eael_post_grid_columns_mobile&quot;:&quot;eael-col-1&quot;}\" data-widget_type=\"eael-post-grid.default\">\n\t\t\t\t<div class=\"elementor-widget-container\">\n\t\t\t\t\t<div id=\"eael-post-grid-645a916\" class=\"eael-post-grid-container\">\n            <div class=\"eael-post-grid eael-post-appender eael-post-appender-645a916 eael-post-grid-style-two\" data-layout-mode=\"grid\"><article class=\"eael-grid-post  eael-post-grid-column eael-pg-post-1055 category-aktualnosci\" data-id=\"1055\">\n    <div class=\"eael-grid-post-holder\">\n        <div class=\"eael-grid-post-holder-inner\"><div class=\"eael-entry-wrapper\"><header class=\"eael-entry-header\"><h5 class=\"eael-entry-title\"><a class=\"eael-grid-post-link\" href=\"https:\/\/dal-frombork.pl\/index.php\/2025\/12\/31\/cofka-na-zalewie-wislanym-zywiol-ktory-nie-oszczedzil-naszego-nabrzeza\/\" title=\"Cofka na Zalewie Wi\u015blanym \u2013 \u017cywio\u0142, kt\u00f3ry nie oszcz\u0119dzi\u0142 naszego nabrze\u017ca\">Cofka na Zalewie Wi\u015blanym \u2013 \u017cywio\u0142, kt\u00f3ry nie oszcz\u0119dzi\u0142 naszego nabrze\u017ca<\/a><\/h5><\/header><div class=\"eael-entry-header-after style-two\"><div class=\"eael-entry-meta\"><span class=\"eael-posted-on eael-meta-posted-on\"><i class=\"far fa-clock\"><\/i><time datetime=\"2025-12-31\">2025-12-31<\/time><\/span><\/div><\/div><div class=\"eael-entry-content\">\n                                <div class=\"eael-grid-post-excerpt\"><p>29\u201330 grudnia 2025 r. Zalew Wi\u015blany po raz kolejny pokaza\u0142 swoj\u0105 pot\u0119g\u0119. W dniach 29\u201330 grudnia 2025 roku dosz\u0142o do [&hellip;]<\/p><a href=\"https:\/\/dal-frombork.pl\/index.php\/2025\/12\/31\/cofka-na-zalewie-wislanym-zywiol-ktory-nie-oszczedzil-naszego-nabrzeza\/\" class=\"eael-post-elements-readmore-btn\">Czytaj dalej<\/a><\/div>\n                            <\/div><\/div><\/div>\n    <\/div>\n<\/article><article class=\"eael-grid-post  eael-post-grid-column eael-pg-post-888 category-aktualnosci\" data-id=\"888\">\n    <div class=\"eael-grid-post-holder\">\n        <div class=\"eael-grid-post-holder-inner\"><div class=\"eael-entry-wrapper\"><header class=\"eael-entry-header\"><h5 class=\"eael-entry-title\"><a class=\"eael-grid-post-link\" href=\"https:\/\/dal-frombork.pl\/index.php\/2025\/10\/22\/zakonczenie-sezonu-zeglarskiego-2025\/\" title=\"Zako\u0144czenie sezonu \u017ceglarskiego 2025\">Zako\u0144czenie sezonu \u017ceglarskiego 2025<\/a><\/h5><\/header><div class=\"eael-entry-header-after style-two\"><div class=\"eael-entry-meta\"><span class=\"eael-posted-on eael-meta-posted-on\"><i class=\"far fa-clock\"><\/i><time datetime=\"2025-10-22\">2025-10-22<\/time><\/span><\/div><\/div><div class=\"eael-entry-content\">\n                                <div class=\"eael-grid-post-excerpt\"><p>W dniu 17 wrze\u015bnia 2025 roku na terenie naszego klubu odby\u0142a si\u0119 uroczysta ceremonia opuszczenia bandery, symbolicznie ko\u0144cz\u0105ca sezon \u017ceglarski [&hellip;]<\/p><a href=\"https:\/\/dal-frombork.pl\/index.php\/2025\/10\/22\/zakonczenie-sezonu-zeglarskiego-2025\/\" class=\"eael-post-elements-readmore-btn\">Czytaj dalej<\/a><\/div>\n                            <\/div><\/div><\/div>\n    <\/div>\n<\/article><article class=\"eael-grid-post  eael-post-grid-column eael-pg-post-866 category-aktualnosci\" data-id=\"866\">\n    <div class=\"eael-grid-post-holder\">\n        <div class=\"eael-grid-post-holder-inner\"><div class=\"eael-entry-wrapper\"><header class=\"eael-entry-header\"><h5 class=\"eael-entry-title\"><a class=\"eael-grid-post-link\" href=\"https:\/\/dal-frombork.pl\/index.php\/2025\/09\/17\/podsumowanie-68-regat-fromborska-jesien\/\" title=\"Podsumowanie 68. Regat \u201eFromborska Jesie\u0144\u201d\">Podsumowanie 68. Regat \u201eFromborska Jesie\u0144\u201d<\/a><\/h5><\/header><div class=\"eael-entry-header-after style-two\"><div class=\"eael-entry-meta\"><span class=\"eael-posted-on eael-meta-posted-on\"><i class=\"far fa-clock\"><\/i><time datetime=\"2025-09-17\">2025-09-17<\/time><\/span><\/div><\/div><div class=\"eael-entry-content\">\n                                <div class=\"eael-grid-post-excerpt\"><p>13 wrze\u015bnia 2025 roku na wodach Zalewu Wi\u015blanego odby\u0142y si\u0119 68. Mi\u0119dzynarodowe Regaty \u017beglarskie \u201eFromborska Jesie\u0144\u201d. Wydarzenie, maj\u0105ce ju\u017c wieloletni\u0105 [&hellip;]<\/p><a href=\"https:\/\/dal-frombork.pl\/index.php\/2025\/09\/17\/podsumowanie-68-regat-fromborska-jesien\/\" class=\"eael-post-elements-readmore-btn\">Czytaj dalej<\/a><\/div>\n                            <\/div><\/div><\/div>\n    <\/div>\n<\/article><article class=\"eael-grid-post  eael-post-grid-column eael-pg-post-799 category-aktualnosci\" data-id=\"799\">\n    <div class=\"eael-grid-post-holder\">\n        <div class=\"eael-grid-post-holder-inner\"><div class=\"eael-entry-wrapper\"><header class=\"eael-entry-header\"><h5 class=\"eael-entry-title\"><a class=\"eael-grid-post-link\" href=\"https:\/\/dal-frombork.pl\/index.php\/2025\/08\/20\/nowy-film-z-remontu-klubu\/\" title=\"Nowy film z remontu Klubu\">Nowy film z remontu Klubu<\/a><\/h5><\/header><div class=\"eael-entry-header-after style-two\"><div class=\"eael-entry-meta\"><span class=\"eael-posted-on eael-meta-posted-on\"><i class=\"far fa-clock\"><\/i><time datetime=\"2025-08-20\">2025-08-20<\/time><\/span><\/div><\/div><div class=\"eael-entry-content\">\n                                <div class=\"eael-grid-post-excerpt\"><p>Na YouTube zosta\u0142 umieszczony kr\u00f3tki filmik przedstawiaj\u0105cy prace wykonane podczas kompleksowego remontu budynku biurowego, kt\u00f3ry trwa\u0142 od marca do lipca [&hellip;]<\/p><a href=\"https:\/\/dal-frombork.pl\/index.php\/2025\/08\/20\/nowy-film-z-remontu-klubu\/\" class=\"eael-post-elements-readmore-btn\">Czytaj dalej<\/a><\/div>\n                            <\/div><\/div><\/div>\n    <\/div>\n<\/article><article class=\"eael-grid-post  eael-post-grid-column eael-pg-post-656 category-aktualnosci\" data-id=\"656\">\n    <div class=\"eael-grid-post-holder\">\n        <div class=\"eael-grid-post-holder-inner\"><div class=\"eael-entry-wrapper\"><header class=\"eael-entry-header\"><h5 class=\"eael-entry-title\"><a class=\"eael-grid-post-link\" href=\"https:\/\/dal-frombork.pl\/index.php\/2025\/03\/19\/prace-poglebiarskie-w-porcie-frombork\/\" title=\"Prace pog\u0142\u0119biarskie w porcie Frombork.\">Prace pog\u0142\u0119biarskie w porcie Frombork.<\/a><\/h5><\/header><div class=\"eael-entry-header-after style-two\"><div class=\"eael-entry-meta\"><span class=\"eael-posted-on eael-meta-posted-on\"><i class=\"far fa-clock\"><\/i><time datetime=\"2025-03-19\">2025-03-19<\/time><\/span><\/div><\/div><div class=\"eael-entry-content\">\n                                <div class=\"eael-grid-post-excerpt\"><p>19 marca 2025 roku do portu we Fromborku zawin\u0119\u0142a pog\u0142\u0119biarka wraz z jednostkami pomocniczymi, rozpoczynaj\u0105c d\u0142ugo oczekiwane prace pog\u0142\u0119biarskie. Dzia\u0142ania [&hellip;]<\/p><a href=\"https:\/\/dal-frombork.pl\/index.php\/2025\/03\/19\/prace-poglebiarskie-w-porcie-frombork\/\" class=\"eael-post-elements-readmore-btn\">Czytaj dalej<\/a><\/div>\n                            <\/div><\/div><\/div>\n    <\/div>\n<\/article><article class=\"eael-grid-post  eael-post-grid-column eael-pg-post-653 category-aktualnosci\" data-id=\"653\">\n    <div class=\"eael-grid-post-holder\">\n        <div class=\"eael-grid-post-holder-inner\"><div class=\"eael-entry-wrapper\"><header class=\"eael-entry-header\"><h5 class=\"eael-entry-title\"><a class=\"eael-grid-post-link\" href=\"https:\/\/dal-frombork.pl\/index.php\/2025\/03\/03\/zaczelo-sie-ruszyl-remont-budynku-klubu\/\" title=\"Zacz\u0119\u0142o si\u0119. Ruszy\u0142 remont budynku klubu.\">Zacz\u0119\u0142o si\u0119. Ruszy\u0142 remont budynku klubu.<\/a><\/h5><\/header><div class=\"eael-entry-header-after style-two\"><div class=\"eael-entry-meta\"><span class=\"eael-posted-on eael-meta-posted-on\"><i class=\"far fa-clock\"><\/i><time datetime=\"2025-03-03\">2025-03-03<\/time><\/span><\/div><\/div><div class=\"eael-entry-content\">\n                                <div class=\"eael-grid-post-excerpt\"><p>To d\u0142ugo wyczekiwany moment, na kt\u00f3ry czeka\u0142o wielu cz\u0142onk\u00f3w i sympatyk\u00f3w naszego klubu. Wszyscy dobrze pami\u0119taj\u0105 wygl\u0105d starego, podniszczonego obiektu, [&hellip;]<\/p><a href=\"https:\/\/dal-frombork.pl\/index.php\/2025\/03\/03\/zaczelo-sie-ruszyl-remont-budynku-klubu\/\" class=\"eael-post-elements-readmore-btn\">Czytaj dalej<\/a><\/div>\n                            <\/div><\/div><\/div>\n    <\/div>\n<\/article><\/div>\n            <div class=\"clearfix\"><\/div>\n        <\/div>            <div class=\"eael-load-more-button-wrap eael-force-hide\">\n                <button class=\"eael-load-more-button\" id=\"eael-load-more-btn-645a916\" data-widget-id=\"645a916\" data-widget=\"645a916\" data-page-id=\"28\" data-template=\"{&quot;dir&quot;:&quot;lite&quot;,&quot;file_name&quot;:&quot;two.php&quot;,&quot;name&quot;:&quot;Post-Grid&quot;}\" data-class=\"Essential_Addons_Elementor\\Elements\\Post_Grid\" data-layout=\"grid\" data-page=\"1\" data-args=\"orderby=date&amp;order=desc&amp;ignore_sticky_posts=1&amp;post_status=publish&amp;posts_per_page=6&amp;offset=0&amp;post_type=post&amp;tax_query%5B0%5D%5Btaxonomy%5D=category&amp;tax_query%5B0%5D%5Bfield%5D=term_id&amp;tax_query%5B0%5D%5Bterms%5D%5B0%5D=3&amp;tax_query%5Brelation%5D=AND\" data-max-page=\"3\">\n                    <span class=\"eael-btn-loader button__loader\"><\/span>\n                    <span class=\"eael_load_more_text\">Load More<\/span>\n                <\/button>\n            <\/div>\n            \t\t\t\t<\/div>\n\t\t\t\t<\/div>\n\t\t\t\t\t<\/div>\n\t\t\t\t<\/div>\n\t\t<div class=\"elementor-element elementor-element-993af28 e-grid e-con-boxed e-con e-parent\" data-id=\"993af28\" data-element_type=\"container\" data-e-type=\"container\">\n\t\t\t\t\t<div class=\"e-con-inner\">\n\t\t\t\t<div class=\"elementor-element elementor-element-9bbb4a4 elementor-widget elementor-widget-shortcode\" data-id=\"9bbb4a4\" data-element_type=\"widget\" data-e-type=\"widget\" data-widget_type=\"shortcode.default\">\n\t\t\t\t<div class=\"elementor-widget-container\">\n\t\t\t\t\t\t\t<div class=\"elementor-shortcode\"><h2 id=\"tablepress-1-name\" class=\"tablepress-table-name tablepress-table-name-id-1\">Kalendarz regatowy 2026<\/h2>\n\n<table id=\"tablepress-1\" class=\"tablepress tablepress-id-1\" aria-labelledby=\"tablepress-1-name\">\n<thead>\n<tr class=\"row-1\">\n\t<th class=\"column-1\"><strong>Data<\/strong><\/th><th class=\"column-2\">Nazwa regat<\/th><th class=\"column-3\">Klasa<\/th><th class=\"column-4\">Miejsce<\/th>\n<\/tr>\n<\/thead>\n<tbody class=\"row-striping row-hover\">\n<tr class=\"row-2\">\n\t<td class=\"column-1\">03-05 lipiec<\/td><td class=\"column-2\">Mi\u0119dzynarodowe Regaty o Puchar Marsza\u0142k\u00f3w<\/td><td class=\"column-3\">KWR OPEN<\/td><td class=\"column-4\">Nowa Pas\u0142\u0119ka<\/td>\n<\/tr>\n<tr class=\"row-3\">\n\t<td class=\"column-1\">10-12 lipiec<\/td><td class=\"column-2\">Puchar Tolkmicka<\/td><td class=\"column-3\">KWR OPEN<\/td><td class=\"column-4\">Tolkmicko<\/td>\n<\/tr>\n<tr class=\"row-4\">\n\t<td class=\"column-1\">24-26 lipiec<\/td><td class=\"column-2\">Puchar Kr\u00f3la Stefana Batorego-XXI<br \/>\nRegaty im.Jarka R\u0105balskiego<\/td><td class=\"column-3\">KWR OPEN<\/td><td class=\"column-4\">Nowa Pas\u0142\u0119ka<\/td>\n<\/tr>\n<tr class=\"row-5\">\n\t<td class=\"column-1\">07-09 sierpie\u0144<\/td><td class=\"column-2\">B\u0142\u0119kitna Wst\u0119ga Zaleu Wi\u015blanego<br \/>\nPuchar Burmistrza Krynicy Morskiej<\/td><td class=\"column-3\">KWR OPEN<\/td><td class=\"column-4\">Krynica Morska<\/td>\n<\/tr>\n<tr class=\"row-6\">\n\t<td class=\"column-1\"><strong>11-13 wrzesie\u0144<\/strong><\/td><td class=\"column-2\"><strong>69 Mi\u0119dzynarodowe Regaty Fromborska Jesie\u0144<\/strong><\/td><td class=\"column-3\"><strong>KWR OPEN<\/strong><\/td><td class=\"column-4\"><strong>Frombork<\/strong><\/td>\n<\/tr>\n<tr class=\"row-7\">\n\t<td class=\"column-1\">25-27 wrzesie\u0144<\/td><td class=\"column-2\">Grand Prix Zalewu Wi\u015blanego<br \/>\nPuchar Przewodnicz\u0105cego Rady Miasta Krynicy Morskiej<\/td><td class=\"column-3\">KWR OPEN<\/td><td class=\"column-4\">Krynica Morska<\/td>\n<\/tr>\n<\/tbody>\n<\/table>\n<!-- #tablepress-1 from cache --><\/div>\n\t\t\t\t\t\t<\/div>\n\t\t\t\t<\/div>\n\t\t\t\t<div class=\"elementor-element elementor-element-f0ae264 elementor-widget elementor-widget-html\" data-id=\"f0ae264\" data-element_type=\"widget\" data-e-type=\"widget\" data-widget_type=\"html.default\">\n\t\t\t\t<div class=\"elementor-widget-container\">\n\t\t\t\t\t<iframe title=\"Ventus Weather Map Shortcode 54.317 19.683\" loading=\"lazy\" style=\"width: 100%; height: 560px; border-radius: 10px; box-sizing: border-box;\" src=\"https:\/\/embed.windy.com\/embed2.html?lat=54.317&lon=19.683&zoom=11&overlay=wind&marker=&pressure=&detailLat=54.317&detailLon=19.683&metricWind=m\/s&metricTemp=\u00b0C&detail=&calendar=12&product=ecmwf&level=surface&menu=&message=true&type=map&location=coordinates&radarRange=-1\" frameborder=\"0\"><\/iframe>\t\t\t\t<\/div>\n\t\t\t\t<\/div>\n\t\t\t\t\t<\/div>\n\t\t\t\t<\/div>\n\t\t<div class=\"elementor-element elementor-element-f8e7577 e-grid e-con-boxed e-con e-parent\" data-id=\"f8e7577\" data-element_type=\"container\" data-e-type=\"container\">\n\t\t\t\t\t<div class=\"e-con-inner\">\n\t\t\t\t\t<\/div>\n\t\t\t\t<\/div>\n\t\t\t\t<\/div>\n\t\t","protected":false},"excerpt":{"rendered":"<p>Cofka na Zalewie Wi\u015blanym \u2013 \u017cywio\u0142, kt\u00f3ry nie oszcz\u0119dzi\u0142 naszego nabrze\u017ca 2025-12-31 29\u201330 grudnia 2025 r. Zalew Wi\u015blany po raz [&hellip;]<\/p>\n","protected":false},"author":1,"featured_media":0,"parent":0,"menu_order":0,"comment_status":"closed","ping_status":"closed","template":"","meta":{"site-sidebar-layout":"no-sidebar","site-content-layout":"","ast-site-content-layout":"full-width-container","site-content-style":"default","site-sidebar-style":"default","ast-global-header-display":"","ast-banner-title-visibility":"","ast-main-header-display":"","ast-hfb-above-header-display":"","ast-hfb-below-header-display":"","ast-hfb-mobile-header-display":"","site-post-title":"disabled","ast-breadcrumbs-content":"","ast-featured-img":"disabled","footer-sml-layout":"","ast-disable-related-posts":"","theme-transparent-header-meta":"","adv-header-id-meta":"","stick-header-meta":"","header-above-stick-meta":"","header-main-stick-meta":"","header-below-stick-meta":"","astra-migrate-meta-layouts":"default","ast-page-background-enabled":"default","ast-page-background-meta":{"desktop":{"background-color":"var(--ast-global-color-4)","background-image":"","background-repeat":"repeat","background-position":"center center","background-size":"auto","background-attachment":"scroll","background-type":"","background-media":"","overlay-type":"","overlay-color":"","overlay-opacity":"","overlay-gradient":""},"tablet":{"background-color":"","background-image":"","background-repeat":"repeat","background-position":"center center","background-size":"auto","background-attachment":"scroll","background-type":"","background-media":"","overlay-type":"","overlay-color":"","overlay-opacity":"","overlay-gradient":""},"mobile":{"background-color":"","background-image":"","background-repeat":"repeat","background-position":"center center","background-size":"auto","background-attachment":"scroll","background-type":"","background-media":"","overlay-type":"","overlay-color":"","overlay-opacity":"","overlay-gradient":""}},"ast-content-background-meta":{"desktop":{"background-color":"var(--ast-global-color-5)","background-image":"","background-repeat":"repeat","background-position":"center center","background-size":"auto","background-attachment":"scroll","background-type":"","background-media":"","overlay-type":"","overlay-color":"","overlay-opacity":"","overlay-gradient":""},"tablet":{"background-color":"var(--ast-global-color-5)","background-image":"","background-repeat":"repeat","background-position":"center center","background-size":"auto","background-attachment":"scroll","background-type":"","background-media":"","overlay-type":"","overlay-color":"","overlay-opacity":"","overlay-gradient":""},"mobile":{"background-color":"var(--ast-global-color-5)","background-image":"","background-repeat":"repeat","background-position":"center center","background-size":"auto","background-attachment":"scroll","background-type":"","background-media":"","overlay-type":"","overlay-color":"","overlay-opacity":"","overlay-gradient":""}},"footnotes":""},"class_list":["post-28","page","type-page","status-publish","hentry"],"_links":{"self":[{"href":"https:\/\/dal-frombork.pl\/index.php\/wp-json\/wp\/v2\/pages\/28","targetHints":{"allow":["GET"]}}],"collection":[{"href":"https:\/\/dal-frombork.pl\/index.php\/wp-json\/wp\/v2\/pages"}],"about":[{"href":"https:\/\/dal-frombork.pl\/index.php\/wp-json\/wp\/v2\/types\/page"}],"author":[{"embeddable":true,"href":"https:\/\/dal-frombork.pl\/index.php\/wp-json\/wp\/v2\/users\/1"}],"replies":[{"embeddable":true,"href":"https:\/\/dal-frombork.pl\/index.php\/wp-json\/wp\/v2\/comments?post=28"}],"version-history":[{"count":188,"href":"https:\/\/dal-frombork.pl\/index.php\/wp-json\/wp\/v2\/pages\/28\/revisions"}],"predecessor-version":[{"id":1086,"href":"https:\/\/dal-frombork.pl\/index.php\/wp-json\/wp\/v2\/pages\/28\/revisions\/1086"}],"wp:attachment":[{"href":"https:\/\/dal-frombork.pl\/index.php\/wp-json\/wp\/v2\/media?parent=28"}],"curies":[{"name":"wp","href":"https:\/\/api.w.org\/{rel}","templated":true}]}}